{"id":5,"date":"2015-12-14T04:09:47","date_gmt":"2015-12-14T04:09:47","guid":{"rendered":"http:\/\/theme-fusion.com\/avada\/medical\/?page_id=5"},"modified":"2026-02-26T20:23:23","modified_gmt":"2026-02-26T18:23:23","slug":"home","status":"publish","type":"page","link":"https:\/\/ictusbcn.cat\/es\/","title":{"rendered":"Hombre"},"content":{"rendered":"<p><div class=\"fusion-bg-parallax\" data-bg-align=\"center center\" data-direction=\"down\" data-mute=\"false\" data-opacity=\"100\" data-velocity=\"-0.4\" data-mobile-enabled=\"false\" data-break_parents=\"0\" data-bg-image=\"https:\/\/ictusbcn.cat\/wp-content\/uploads\/2021\/11\/capcelera9.jpg\" data-bg-repeat=\"false\" ><\/div><div class=\"fusion-fullwidth fullwidth-box fusion-builder-row-1 fusion-flex-container fusion-parallax-down nonhundred-percent-fullwidth non-hundred-percent-height-scrolling\" style=\"--awb-border-sizes-top:0px;--awb-border-sizes-bottom:0px;--awb-border-sizes-left:0px;--awb-border-sizes-right:0px;--awb-border-radius-top-left:0px;--awb-border-radius-top-right:0px;--awb-border-radius-bottom-right:0px;--awb-border-radius-bottom-left:0px;--awb-padding-top:5%;--awb-padding-right:5%;--awb-padding-bottom:10%;--awb-padding-left:5%;--awb-background-image:url(&quot;https:\/\/ictusbcn.cat\/wp-content\/uploads\/2021\/11\/capcelera9.jpg&quot;);--awb-background-size:cover;--awb-flex-wrap:wrap;\" ><div class=\"fusion-builder-row fusion-row fusion-flex-align-items-flex-start fusion-flex-content-wrap\" style=\"max-width:1216.8px;margin-left: calc(-4% \/ 2 );margin-right: calc(-4% \/ 2 );\"><div class=\"fusion-layout-column fusion_builder_column fusion-builder-column-0 fusion_builder_column_1_1 1_1 fusion-flex-column\" style=\"--awb-padding-top:10%;--awb-bg-size:cover;--awb-width-large:100%;--awb-margin-top-large:0px;--awb-spacing-right-large:2.304%;--awb-margin-bottom-large:30px;--awb-spacing-left-large:1.92%;--awb-width-medium:100%;--awb-order-medium:0;--awb-spacing-right-medium:2.304%;--awb-spacing-left-medium:1.92%;--awb-width-small:100%;--awb-order-small:0;--awb-spacing-right-small:1.92%;--awb-spacing-left-small:1.92%;\" id=\"sliderprincipal\"><div class=\"fusion-column-wrapper fusion-column-has-shadow fusion-flex-justify-content-flex-start fusion-content-layout-column\"><div class=\"fusion-text fusion-text-1\"><p style=\"font-size: 26px; line-height: 36px;\"><span style=\"color: #ffffff;\">ORIENTEM I FEM COSTAT A LES PERSONES QUE HAN VISCUT UN ICTUS I EL SEU ENTORN AMB L&#8217;OBJECTIU DE MILLORAR LA SEVA QUALITAT DE VIDA.<\/span><\/p>\n<\/div><\/div><\/div><\/div><\/div><div class=\"fusion-fullwidth fullwidth-box fusion-builder-row-2 fusion-flex-container nonhundred-percent-fullwidth non-hundred-percent-height-scrolling\" style=\"--awb-border-radius-top-left:0px;--awb-border-radius-top-right:0px;--awb-border-radius-bottom-right:0px;--awb-border-radius-bottom-left:0px;--awb-flex-wrap:wrap;\" ><div class=\"fusion-builder-row fusion-row fusion-flex-align-items-flex-start fusion-flex-content-wrap\" style=\"max-width:1216.8px;margin-left: calc(-4% \/ 2 );margin-right: calc(-4% \/ 2 );\"><div class=\"fusion-layout-column fusion_builder_column fusion-builder-column-1 fusion_builder_column_1_1 1_1 fusion-flex-column\" style=\"--awb-bg-size:cover;--awb-width-large:100%;--awb-margin-top-large:0px;--awb-spacing-right-large:1.92%;--awb-margin-bottom-large:30px;--awb-spacing-left-large:1.92%;--awb-width-medium:100%;--awb-order-medium:0;--awb-spacing-right-medium:1.92%;--awb-spacing-left-medium:1.92%;--awb-width-small:100%;--awb-order-small:0;--awb-spacing-right-small:1.92%;--awb-spacing-left-small:1.92%;\"><div class=\"fusion-column-wrapper fusion-column-has-shadow fusion-flex-justify-content-flex-start fusion-content-layout-column\"><div class=\"fusion-text fusion-text-2\" style=\"--awb-text-transform:none;\"><h2>Darreres not\u00edcies<\/h2>\n<div id=\"gtx-trans\" style=\"position: absolute; left: -112px; top: -0.9625px;\">\n<div class=\"gtx-trans-icon\"><\/div>\n<\/div>\n<\/div><div class=\"fusion-blog-shortcode fusion-blog-shortcode-1 fusion-blog-archive fusion-blog-layout-grid-wrapper fusion-blog-pagination\"><style type=\"text\/css\">.fusion-blog-shortcode-1 .fusion-blog-layout-grid .fusion-post-grid{padding:20px;}.fusion-blog-shortcode-1 .fusion-posts-container{margin-left: -20px !important; margin-right:-20px !important;}<\/style><div class=\"fusion-posts-container fusion-posts-container-pagination fusion-blog-rollover fusion-blog-layout-grid fusion-blog-layout-grid-3 isotope fusion-blog-equal-heights\" data-pages=\"11\" data-grid-col-space=\"40\" style=\"margin: -20px -20px 0;min-height:500px;\"><article id=\"blog-1-post-3501\" class=\"fusion-post-grid post-3501 post type-post status-publish format-standard has-post-thumbnail hentry category-esdeveniments tag-dia-mundial-de-lictus\">\n<div class=\"fusion-post-wrapper\" style=\"background-color:rgba(255,255,255,1);border:1px solid #ebeaea;border-bottom-width:3px;\">\n\n\t\t\t<div class=\"fusion-flexslider flexslider fusion-flexslider-loading fusion-post-slideshow\" style=\"border-color:#ebeaea;\">\n\t\t<ul class=\"slides\">\n\t\t\t\n\t\t\t\t\t\t\t\t\t\t\t\t\t\t<li><div  class=\"fusion-image-wrapper\" aria-haspopup=\"true\">\n\t\t\t\t<img decoding=\"async\" width=\"2560\" height=\"1707\" src=\"https:\/\/ictusbcn.cat\/wp-content\/uploads\/2025\/11\/DSC_1286-scaled.jpg\" class=\"attachment-full size-full wp-post-image\" alt=\"\" srcset=\"https:\/\/ictusbcn.cat\/wp-content\/uploads\/2025\/11\/DSC_1286-200x133.jpg 200w, https:\/\/ictusbcn.cat\/wp-content\/uploads\/2025\/11\/DSC_1286-400x267.jpg 400w, https:\/\/ictusbcn.cat\/wp-content\/uploads\/2025\/11\/DSC_1286-600x400.jpg 600w, https:\/\/ictusbcn.cat\/wp-content\/uploads\/2025\/11\/DSC_1286-800x533.jpg 800w, https:\/\/ictusbcn.cat\/wp-content\/uploads\/2025\/11\/DSC_1286-1200x800.jpg 1200w, https:\/\/ictusbcn.cat\/wp-content\/uploads\/2025\/11\/DSC_1286-scaled.jpg 2560w\" sizes=\"(min-width: 2200px) 100vw, (min-width: 824px) 363px, (min-width: 732px) 545px, (min-width: 640px) 732px, \" \/><div class=\"fusion-rollover\">\n\t<div class=\"fusion-rollover-content\">\n\n\t\t\t\t\t\t\t\t\t\t\t\t\t\t<a class=\"fusion-rollover-link\" href=\"https:\/\/ictusbcn.cat\/es\/gracies-per-un-dia-mundial-de-lictus-inoblidable\/\">Gr\u00e0cies per un Dia Mundial de l\u2019Ictus inoblidable!<\/a>\n\t\t\t\n\t\t\t\t\t\t\t\t\t\t\t\t\t\t\n\t\t\t\t\t\t\t\t\n\t\t\t\t\t\t\t\t\t\t\t\t\t<div class=\"fusion-rollover-sep\"><\/div>\n\t\t\t\t\n\t\t\t\t\t\t\t\t\t\t\t\t\t\t\t\t\t\t<a class=\"fusion-rollover-gallery\" href=\"https:\/\/ictusbcn.cat\/wp-content\/uploads\/2025\/11\/DSC_1286-scaled.jpg\" data-options=\"\" data-id=\"3501\" data-rel=\"iLightbox[gallery]\" data-title=\"DSC_1286\" data-caption=\"\">\n\t\t\t\t\t\tGallery\t\t\t\t\t<\/a>\n\t\t\t\t\t\t\t\t\t\t\t\t\t\t\n\t\t\n\t\t\t\t\t\t\t\t\n\t\t\t\t\t\t\t\t\n\t\t\n\t\t\t\t\t\t<a class=\"fusion-link-wrapper\" href=\"https:\/\/ictusbcn.cat\/es\/gracies-per-un-dia-mundial-de-lictus-inoblidable\/\" aria-label=\"Gr\u00e0cies per un Dia Mundial de l\u2019Ictus inoblidable!\"><\/a>\n\t<\/div>\n<\/div>\n<\/div>\n<\/li>\n\t\t\t\n\t\t\t\n\t\t\t\t\t\t\t\t\t\t\t\t\t\t\t\t\t\t\t\t\t\t\t\t\t\t\t\t\t\t\t\t\t\t\t\t\t\t\t\t\t\t\t\t\t\t\t\t\t\t\t\t\t\t\t\t\t\t\t\t\t\t\t\t\t\t\t\t<\/ul>\n\t<\/div>\n\t<div class=\"fusion-post-content-wrapper\" style=\"padding:30px 25px 20px 25px;\"><div class=\"fusion-post-content post-content\"><h2 class=\"blog-shortcode-post-title entry-title\"><a href=\"https:\/\/ictusbcn.cat\/es\/gracies-per-un-dia-mundial-de-lictus-inoblidable\/\">Gr\u00e0cies per un Dia Mundial de l\u2019Ictus inoblidable!<\/a><\/h2><p class=\"fusion-single-line-meta\">By <span class=\"vcard\"><span class=\"fn\"><a href=\"https:\/\/ictusbcn.cat\/es\/author\/admin\/\" title=\"Entradas de ASIB\" rel=\"author\">ASIB<\/a><\/span><\/span><span class=\"fusion-inline-sep\">|<\/span><span class=\"updated\" style=\"display:none;\">2025-11-19T11:18:07+02:00<\/span><span>19 de noviembre de 2025<\/span><span class=\"fusion-inline-sep\">|<\/span>Categories: <a href=\"https:\/\/ictusbcn.cat\/es\/category\/esdeveniments\/\" rel=\"category tag\">Esdeveniments<\/a><span class=\"fusion-inline-sep\">|<\/span><span class=\"meta-tags\">Tags: <a href=\"https:\/\/ictusbcn.cat\/es\/tag\/dia-mundial-de-lictus\/\" rel=\"tag\">Dia Mundial de l'Ictus<\/a><\/span><span class=\"fusion-inline-sep\">|<\/span><\/p><div class=\"fusion-content-sep sep-single sep-solid\"><\/div><div class=\"fusion-post-content-container\"><p>Des de l\u2019Associaci\u00f3 Superar l\u2019Ictus Barcelona volem agrair de tot [...]<\/p><\/div><\/div><div class=\"fusion-meta-info\"><div class=\"fusion-alignleft\"><a class=\"fusion-read-more\" href=\"https:\/\/ictusbcn.cat\/es\/gracies-per-un-dia-mundial-de-lictus-inoblidable\/\" aria-label=\"More on Gr\u00e0cies per un Dia Mundial de l\u2019Ictus inoblidable!\">Read More<\/a><\/div><div class=\"fusion-alignright\"><a href=\"https:\/\/ictusbcn.cat\/es\/gracies-per-un-dia-mundial-de-lictus-inoblidable\/#respond\"><i class=\"awb-icon-bubbles\" aria-hidden=\"true\"><\/i>&nbsp;0<\/a><\/div><\/div><\/div><div class=\"fusion-clearfix\"><\/div><\/div>\n<\/article>\n<article id=\"blog-1-post-3494\" class=\"fusion-post-grid post-3494 post type-post status-publish format-standard has-post-thumbnail hentry category-comunicacio tag-entrevista tag-taller tag-video tag-youtube\">\n<div class=\"fusion-post-wrapper\" style=\"background-color:rgba(255,255,255,1);border:1px solid #ebeaea;border-bottom-width:3px;\">\n\n\t\t\t<div class=\"fusion-flexslider flexslider fusion-flexslider-loading fusion-post-slideshow\" style=\"border-color:#ebeaea;\">\n\t\t<ul class=\"slides\">\n\t\t\t\n\t\t\t\t\t\t\t\t\t\t\t\t\t\t<li><div  class=\"fusion-image-wrapper\" aria-haspopup=\"true\">\n\t\t\t\t<img decoding=\"async\" width=\"1056\" height=\"583\" src=\"https:\/\/ictusbcn.cat\/wp-content\/uploads\/2025\/09\/dolors.png\" class=\"attachment-full size-full wp-post-image\" alt=\"\" srcset=\"https:\/\/ictusbcn.cat\/wp-content\/uploads\/2025\/09\/dolors-200x110.png 200w, https:\/\/ictusbcn.cat\/wp-content\/uploads\/2025\/09\/dolors-400x221.png 400w, https:\/\/ictusbcn.cat\/wp-content\/uploads\/2025\/09\/dolors-600x331.png 600w, https:\/\/ictusbcn.cat\/wp-content\/uploads\/2025\/09\/dolors-800x442.png 800w, https:\/\/ictusbcn.cat\/wp-content\/uploads\/2025\/09\/dolors.png 1056w\" sizes=\"(min-width: 2200px) 100vw, (min-width: 824px) 363px, (min-width: 732px) 545px, (min-width: 640px) 732px, \" \/><div class=\"fusion-rollover\">\n\t<div class=\"fusion-rollover-content\">\n\n\t\t\t\t\t\t\t\t\t\t\t\t\t\t<a class=\"fusion-rollover-link\" href=\"https:\/\/ictusbcn.cat\/es\/les-veus-que-donen-vida-a-lasib\/\">Les veus que donen vida a l\u2019ASIB<\/a>\n\t\t\t\n\t\t\t\t\t\t\t\t\t\t\t\t\t\t\n\t\t\t\t\t\t\t\t\n\t\t\t\t\t\t\t\t\t\t\t\t\t<div class=\"fusion-rollover-sep\"><\/div>\n\t\t\t\t\n\t\t\t\t\t\t\t\t\t\t\t\t\t\t\t\t\t\t<a class=\"fusion-rollover-gallery\" href=\"https:\/\/ictusbcn.cat\/wp-content\/uploads\/2025\/09\/dolors.png\" data-options=\"\" data-id=\"3494\" data-rel=\"iLightbox[gallery]\" data-title=\"dolors\" data-caption=\"\">\n\t\t\t\t\t\tGallery\t\t\t\t\t<\/a>\n\t\t\t\t\t\t\t\t\t\t\t\t\t\t\n\t\t\n\t\t\t\t\t\t\t\t\n\t\t\t\t\t\t\t\t\n\t\t\n\t\t\t\t\t\t<a class=\"fusion-link-wrapper\" href=\"https:\/\/ictusbcn.cat\/es\/les-veus-que-donen-vida-a-lasib\/\" aria-label=\"Les veus que donen vida a l\u2019ASIB\"><\/a>\n\t<\/div>\n<\/div>\n<\/div>\n<\/li>\n\t\t\t\n\t\t\t\n\t\t\t\t\t\t\t\t\t\t\t\t\t\t\t\t\t\t\t\t\t\t\t\t\t\t\t\t\t\t\t\t\t\t\t\t\t\t\t\t\t\t\t\t\t\t\t\t\t\t\t\t\t\t\t\t\t\t\t\t\t\t\t\t\t\t\t\t<\/ul>\n\t<\/div>\n\t<div class=\"fusion-post-content-wrapper\" style=\"padding:30px 25px 20px 25px;\"><div class=\"fusion-post-content post-content\"><h2 class=\"blog-shortcode-post-title entry-title\"><a href=\"https:\/\/ictusbcn.cat\/es\/les-veus-que-donen-vida-a-lasib\/\">Les veus que donen vida a l\u2019ASIB<\/a><\/h2><p class=\"fusion-single-line-meta\">By <span class=\"vcard\"><span class=\"fn\"><a href=\"https:\/\/ictusbcn.cat\/es\/author\/admin\/\" title=\"Entradas de ASIB\" rel=\"author\">ASIB<\/a><\/span><\/span><span class=\"fusion-inline-sep\">|<\/span><span class=\"updated\" style=\"display:none;\">2025-09-25T12:22:38+02:00<\/span><span>25 de septiembre de 2025<\/span><span class=\"fusion-inline-sep\">|<\/span>Categories: <a href=\"https:\/\/ictusbcn.cat\/es\/category\/comunicacio\/\" rel=\"category tag\">Comunicaci\u00f3<\/a><span class=\"fusion-inline-sep\">|<\/span><span class=\"meta-tags\">Tags: <a href=\"https:\/\/ictusbcn.cat\/es\/tag\/entrevista\/\" rel=\"tag\">entrevista<\/a>, <a href=\"https:\/\/ictusbcn.cat\/es\/tag\/taller\/\" rel=\"tag\">taller<\/a>, <a href=\"https:\/\/ictusbcn.cat\/es\/tag\/video\/\" rel=\"tag\">v\u00eddeo<\/a>, <a href=\"https:\/\/ictusbcn.cat\/es\/tag\/youtube\/\" rel=\"tag\">Youtube<\/a><\/span><span class=\"fusion-inline-sep\">|<\/span><\/p><div class=\"fusion-content-sep sep-single sep-solid\"><\/div><div class=\"fusion-post-content-container\"><p>En els darrers mesos hem tingut l\u2019oportunitat de conversar amb [...]<\/p><\/div><\/div><div class=\"fusion-meta-info\"><div class=\"fusion-alignleft\"><a class=\"fusion-read-more\" href=\"https:\/\/ictusbcn.cat\/es\/les-veus-que-donen-vida-a-lasib\/\" aria-label=\"More on Les veus que donen vida a l\u2019ASIB\">Read More<\/a><\/div><div class=\"fusion-alignright\"><a href=\"https:\/\/ictusbcn.cat\/es\/les-veus-que-donen-vida-a-lasib\/#respond\"><i class=\"awb-icon-bubbles\" aria-hidden=\"true\"><\/i>&nbsp;0<\/a><\/div><\/div><\/div><div class=\"fusion-clearfix\"><\/div><\/div>\n<\/article>\n<article id=\"blog-1-post-3485\" class=\"fusion-post-grid post-3485 post type-post status-publish format-standard has-post-thumbnail hentry category-tallers tag-taller tag-video\">\n<div class=\"fusion-post-wrapper\" style=\"background-color:rgba(255,255,255,1);border:1px solid #ebeaea;border-bottom-width:3px;\">\n\n\t\t\t<div class=\"fusion-flexslider flexslider fusion-flexslider-loading fusion-post-slideshow\" style=\"border-color:#ebeaea;\">\n\t\t<ul class=\"slides\">\n\t\t\t\n\t\t\t\t\t\t\t\t\t\t\t\t\t\t<li><div  class=\"fusion-image-wrapper\" aria-haspopup=\"true\">\n\t\t\t\t<img decoding=\"async\" width=\"1061\" height=\"585\" src=\"https:\/\/ictusbcn.cat\/wp-content\/uploads\/2025\/09\/videoasib.png\" class=\"attachment-full size-full wp-post-image\" alt=\"\" srcset=\"https:\/\/ictusbcn.cat\/wp-content\/uploads\/2025\/09\/videoasib-200x110.png 200w, https:\/\/ictusbcn.cat\/wp-content\/uploads\/2025\/09\/videoasib-400x221.png 400w, https:\/\/ictusbcn.cat\/wp-content\/uploads\/2025\/09\/videoasib-600x331.png 600w, https:\/\/ictusbcn.cat\/wp-content\/uploads\/2025\/09\/videoasib-800x441.png 800w, https:\/\/ictusbcn.cat\/wp-content\/uploads\/2025\/09\/videoasib.png 1061w\" sizes=\"(min-width: 2200px) 100vw, (min-width: 824px) 363px, (min-width: 732px) 545px, (min-width: 640px) 732px, \" \/><div class=\"fusion-rollover\">\n\t<div class=\"fusion-rollover-content\">\n\n\t\t\t\t\t\t\t\t\t\t\t\t\t\t<a class=\"fusion-rollover-link\" href=\"https:\/\/ictusbcn.cat\/es\/estrenem-nou-curs-amb-un-video\/\">Estrenem nou curs amb un v\u00eddeo<\/a>\n\t\t\t\n\t\t\t\t\t\t\t\t\t\t\t\t\t\t\n\t\t\t\t\t\t\t\t\n\t\t\t\t\t\t\t\t\t\t\t\t\t<div class=\"fusion-rollover-sep\"><\/div>\n\t\t\t\t\n\t\t\t\t\t\t\t\t\t\t\t\t\t\t\t\t\t\t<a class=\"fusion-rollover-gallery\" href=\"https:\/\/ictusbcn.cat\/wp-content\/uploads\/2025\/09\/videoasib.png\" data-options=\"\" data-id=\"3485\" data-rel=\"iLightbox[gallery]\" data-title=\"videoasib\" data-caption=\"\">\n\t\t\t\t\t\tGallery\t\t\t\t\t<\/a>\n\t\t\t\t\t\t\t\t\t\t\t\t\t\t\n\t\t\n\t\t\t\t\t\t\t\t\n\t\t\t\t\t\t\t\t\n\t\t\n\t\t\t\t\t\t<a class=\"fusion-link-wrapper\" href=\"https:\/\/ictusbcn.cat\/es\/estrenem-nou-curs-amb-un-video\/\" aria-label=\"Estrenem nou curs amb un v\u00eddeo\"><\/a>\n\t<\/div>\n<\/div>\n<\/div>\n<\/li>\n\t\t\t\n\t\t\t\n\t\t\t\t\t\t\t\t\t\t\t\t\t\t\t\t\t\t\t\t\t\t\t\t\t\t\t\t\t\t\t\t\t\t\t\t\t\t\t\t\t\t\t\t\t\t\t\t\t\t\t\t\t\t\t\t\t\t\t\t\t\t\t\t\t\t\t\t<\/ul>\n\t<\/div>\n\t<div class=\"fusion-post-content-wrapper\" style=\"padding:30px 25px 20px 25px;\"><div class=\"fusion-post-content post-content\"><h2 class=\"blog-shortcode-post-title entry-title\"><a href=\"https:\/\/ictusbcn.cat\/es\/estrenem-nou-curs-amb-un-video\/\">Estrenem nou curs amb un v\u00eddeo<\/a><\/h2><p class=\"fusion-single-line-meta\">By <span class=\"vcard\"><span class=\"fn\"><a href=\"https:\/\/ictusbcn.cat\/es\/author\/admin\/\" title=\"Entradas de ASIB\" rel=\"author\">ASIB<\/a><\/span><\/span><span class=\"fusion-inline-sep\">|<\/span><span class=\"updated\" style=\"display:none;\">2025-09-23T11:05:05+02:00<\/span><span>23 de septiembre de 2025<\/span><span class=\"fusion-inline-sep\">|<\/span>Categories: <a href=\"https:\/\/ictusbcn.cat\/es\/category\/tallers\/\" rel=\"category tag\">Tallers<\/a><span class=\"fusion-inline-sep\">|<\/span><span class=\"meta-tags\">Tags: <a href=\"https:\/\/ictusbcn.cat\/es\/tag\/taller\/\" rel=\"tag\">taller<\/a>, <a href=\"https:\/\/ictusbcn.cat\/es\/tag\/video\/\" rel=\"tag\">v\u00eddeo<\/a><\/span><span class=\"fusion-inline-sep\">|<\/span><\/p><div class=\"fusion-content-sep sep-single sep-solid\"><\/div><div class=\"fusion-post-content-container\"><p>Benvinguts i benvingudes. Donem el tret de sortida a aquest [...]<\/p><\/div><\/div><div class=\"fusion-meta-info\"><div class=\"fusion-alignleft\"><a class=\"fusion-read-more\" href=\"https:\/\/ictusbcn.cat\/es\/estrenem-nou-curs-amb-un-video\/\" aria-label=\"More on Estrenem nou curs amb un v\u00eddeo\">Read More<\/a><\/div><div class=\"fusion-alignright\"><a href=\"https:\/\/ictusbcn.cat\/es\/estrenem-nou-curs-amb-un-video\/#respond\"><i class=\"awb-icon-bubbles\" aria-hidden=\"true\"><\/i>&nbsp;0<\/a><\/div><\/div><\/div><div class=\"fusion-clearfix\"><\/div><\/div>\n<\/article>\n<div class=\"fusion-clearfix\"><\/div><\/div><div class=\"pagination clearfix\"><span class=\"current\">1<\/span><a href=\"https:\/\/ictusbcn.cat\/es\/wp-json\/wp\/v2\/pages\/5\/page\/2\/\" class=\"inactive\">2<\/a><a class=\"pagination-next\" rel=\"next\" href=\"https:\/\/ictusbcn.cat\/es\/wp-json\/wp\/v2\/pages\/5\/page\/2\/\"><span class=\"page-text\">Next<\/span><span class=\"page-next\"><\/span><\/a><\/div><div class=\"fusion-clearfix\"><\/div><\/div><\/div><\/div><div class=\"fusion-layout-column fusion_builder_column fusion-builder-column-2 fusion_builder_column_1_3 1_3 fusion-flex-column\" style=\"--awb-padding-top:10px;--awb-padding-right:10px;--awb-padding-bottom:10px;--awb-padding-left:10px;--awb-bg-color:#fbbc10;--awb-bg-color-hover:#fbbc10;--awb-bg-size:cover;--awb-width-large:33.333333333333%;--awb-margin-top-large:0px;--awb-spacing-right-large:5.76%;--awb-margin-bottom-large:30px;--awb-spacing-left-large:5.76%;--awb-width-medium:33.333333333333%;--awb-order-medium:0;--awb-spacing-right-medium:5.76%;--awb-spacing-left-medium:5.76%;--awb-width-small:100%;--awb-order-small:0;--awb-spacing-right-small:1.92%;--awb-spacing-left-small:1.92%;\"><div class=\"fusion-column-wrapper fusion-column-has-shadow fusion-flex-justify-content-flex-start fusion-content-layout-column\"><i class=\"fb-icon-element-1 fb-icon-element fontawesome-icon fa-user-friends fas circle-no\" style=\"--awb-iconcolor:#6c2472;--awb-font-size:52px;--awb-margin-top:0;--awb-margin-right:0;--awb-margin-bottom:0;--awb-margin-left:0;--awb-align-self:center;\"><\/i><div class=\"fusion-text fusion-text-3\" style=\"--awb-text-transform:none;\"><h4 style=\"text-align: center;\"><a href=\"https:\/\/ictusbcn.cat\/que-fem\/\">QU\u00c8 FEM?<\/a><\/h4>\n<p style=\"text-align: center;\">Tallers, activitats culturals, serveis d&#8217;assessorament, convenis.<\/p>\n<\/div><\/div><\/div><div class=\"fusion-layout-column fusion_builder_column fusion-builder-column-3 fusion_builder_column_1_3 1_3 fusion-flex-column\" style=\"--awb-padding-top:10px;--awb-padding-right:10px;--awb-padding-bottom:10px;--awb-padding-left:10px;--awb-bg-color:#fbbc10;--awb-bg-color-hover:#fbbc10;--awb-bg-size:cover;--awb-width-large:33.333333333333%;--awb-margin-top-large:0px;--awb-spacing-right-large:5.76%;--awb-margin-bottom-large:30px;--awb-spacing-left-large:5.76%;--awb-width-medium:33.333333333333%;--awb-order-medium:0;--awb-spacing-right-medium:5.76%;--awb-spacing-left-medium:5.76%;--awb-width-small:100%;--awb-order-small:0;--awb-spacing-right-small:1.92%;--awb-spacing-left-small:1.92%;\"><div class=\"fusion-column-wrapper fusion-column-has-shadow fusion-flex-justify-content-flex-start fusion-content-layout-column\"><i class=\"fb-icon-element-2 fb-icon-element fontawesome-icon fa-handshake fas circle-no\" style=\"--awb-iconcolor:#6c2472;--awb-font-size:52px;--awb-margin-top:0;--awb-margin-right:0;--awb-margin-bottom:0;--awb-margin-left:0;--awb-align-self:center;\"><\/i><div class=\"fusion-text fusion-text-4\" style=\"--awb-text-transform:none;\"><h4 style=\"text-align: center;\"><a href=\"https:\/\/ictusbcn.cat\/socis\/\">COL\u00b7LABORA<\/a><\/h4>\n<\/div><\/div><\/div><div class=\"fusion-layout-column fusion_builder_column fusion-builder-column-4 fusion_builder_column_1_3 1_3 fusion-flex-column\" style=\"--awb-padding-top:10px;--awb-padding-right:10px;--awb-padding-bottom:10px;--awb-padding-left:10px;--awb-bg-color:#fbbc10;--awb-bg-color-hover:#fbbc10;--awb-bg-size:cover;--awb-width-large:33.333333333333%;--awb-margin-top-large:0px;--awb-spacing-right-large:5.76%;--awb-margin-bottom-large:30px;--awb-spacing-left-large:5.76%;--awb-width-medium:33.333333333333%;--awb-order-medium:0;--awb-spacing-right-medium:5.76%;--awb-spacing-left-medium:5.76%;--awb-width-small:100%;--awb-order-small:0;--awb-spacing-right-small:1.92%;--awb-spacing-left-small:1.92%;\"><div class=\"fusion-column-wrapper fusion-column-has-shadow fusion-flex-justify-content-flex-start fusion-content-layout-column\"><i class=\"fb-icon-element-3 fb-icon-element fontawesome-icon fa-eye fas circle-no\" style=\"--awb-iconcolor:#6c2472;--awb-font-size:52px;--awb-margin-top:0;--awb-margin-right:0;--awb-margin-bottom:0;--awb-margin-left:0;--awb-align-self:center;\"><\/i><div class=\"fusion-text fusion-text-5\" style=\"--awb-text-transform:none;\"><h4 style=\"text-align: center;\"><a href=\"https:\/\/ictusbcn.cat\/dia-a-dia\/\">TESTIMONIS<\/a><\/h4>\n<p style=\"text-align: center;\">Coneix els v\u00eddeo-testimonis dels socis i s\u00f2cies, i les nostres aparicions a la tv i r\u00e0dio<\/p>\n<\/div><\/div><\/div><\/div><\/div><\/p>\n","protected":false},"excerpt":{"rendered":"","protected":false},"author":1,"featured_media":0,"parent":0,"menu_order":0,"comment_status":"closed","ping_status":"closed","template":"100-width.php","meta":{"footnotes":""},"class_list":["post-5","page","type-page","status-publish","hentry"],"_links":{"self":[{"href":"https:\/\/ictusbcn.cat\/es\/wp-json\/wp\/v2\/pages\/5","targetHints":{"allow":["GET"]}}],"collection":[{"href":"https:\/\/ictusbcn.cat\/es\/wp-json\/wp\/v2\/pages"}],"about":[{"href":"https:\/\/ictusbcn.cat\/es\/wp-json\/wp\/v2\/types\/page"}],"author":[{"embeddable":true,"href":"https:\/\/ictusbcn.cat\/es\/wp-json\/wp\/v2\/users\/1"}],"replies":[{"embeddable":true,"href":"https:\/\/ictusbcn.cat\/es\/wp-json\/wp\/v2\/comments?post=5"}],"version-history":[{"count":118,"href":"https:\/\/ictusbcn.cat\/es\/wp-json\/wp\/v2\/pages\/5\/revisions"}],"predecessor-version":[{"id":3581,"href":"https:\/\/ictusbcn.cat\/es\/wp-json\/wp\/v2\/pages\/5\/revisions\/3581"}],"wp:attachment":[{"href":"https:\/\/ictusbcn.cat\/es\/wp-json\/wp\/v2\/media?parent=5"}],"curies":[{"name":"wp","href":"https:\/\/api.w.org\/{rel}","templated":true}]}}