{"id":1900,"date":"2021-11-17T14:54:34","date_gmt":"2021-11-17T12:54:34","guid":{"rendered":"https:\/\/ictusbcn.cat\/?page_id=1900"},"modified":"2022-01-10T23:49:01","modified_gmt":"2022-01-10T21:49:01","slug":"aviso-legal-y-politica-de-privacidad","status":"publish","type":"page","link":"https:\/\/ictusbcn.cat\/es\/avis-legal-i-politica-de-privacitat\/","title":{"rendered":"AVISO LEGAL Y POL\u00cdTICA DE PRIVACIDAD"},"content":{"rendered":"<p>De acuerdo con las obligaciones previstas en la Ley 34\/2002, de Servicios de la Sociedad de la Informaci\u00f3n y de Comercio Electr\u00f3nico (en adelante LSSIICE), ASIB, Asociaci\u00f3n Superar el Ictus Barcelona con CIF G-66347444 con domicilio en Grassot, 3, 3\u00ba de 0802c Barcelona y.<\/p>\n<p>\u2013 el dominio web ictusbcn.cat<\/p>\n<p>\u2013 los perfiles y p\u00e1gina en las siguientes redes sociales:<\/p>\n<ul>\n<li>Instagram: https:\/\/www.instagram.com\/ictus.barcelona<\/li>\n<li>Facebook: https:\/\/www.facebook.com\/ictusbcn<\/li>\n<li>Twitter: https:\/\/www.twitter.com\/ictusbcn<\/li>\n<\/ul>\n<p>Que ASIB, Asociaci\u00f3n Superar el Ictus Barcelona est\u00e1 inscrita en el Registro de Asociaciones\/ Fundaciones de Catalu\u00f1a con el n\u00famero 54314.<\/p>\n<p>ASIB, Asociaci\u00f3n Superar el Ictus Barcelona no puede asumir responsabilidad alguna derivada del uso incorrecto, inadecuado o il\u00edcito de la informaci\u00f3n aparecida en sus p\u00e1ginas de Internet o presencia online en las diversas redes sociales. Con los l\u00edmites establecidos en la ley, ASIB, Associaci\u00f3 Superar el Ictus Barcelona no asume ninguna responsabilidad derivada de la falta de veracidad, integridad, actualizaci\u00f3n y precisi\u00f3n de los datos o informaciones que se contienen en sus medios online.<\/p>\n<p>Los contenidos e informaci\u00f3n de las p\u00e1ginas de Internet y redes sociales de ASIB, Asociaci\u00f3n Superar el Ictus Barcelona est\u00e1n elaboradas por profesionales debidamente cualificados para el ejercicio de su profesi\u00f3n. Sin embargo, los contenidos e informaci\u00f3n no vinculan a la citada corporaci\u00f3n ni constituyen opiniones, consejos o asesoramiento legal de ning\u00fan tipo, pues se trata meramente de un servicio ofrecido con car\u00e1cter informativo y divulgativo.<\/p>\n<p>Las p\u00e1ginas de Internet o redes sociales de ASIB, Asociaci\u00f3n Superar el Ictus Barcelona pueden contener enlaces (links) a otras p\u00e1ginas de terceras partes. Por tanto, \u00e9sta no puede asumir responsabilidades por el contenido que pueda aparecer en p\u00e1ginas de terceros. Los textos, im\u00e1genes, sonidos, animaciones, software y el resto de contenidos incluidos en este website son propiedad exclusiva de ASIB, Asociaci\u00f3n Superar el Ictus Barcelona o sus licenciantes. Cualquier acto de transmisi\u00f3n, distribuci\u00f3n, cesi\u00f3n, reproducci\u00f3n, almacenamiento o comunicaci\u00f3n p\u00fablica total o parcial, debe contar con el consentimiento expreso de ASIB, Asociaci\u00f3n Superar el Ictus Barcelona.<\/p>\n<p>De igual forma se reserva el derecho a retirar el acceso al Portal, sin necesidad de previo aviso, a cualquier usuario que contravenga lo dispuesto en este aviso legal.<\/p>\n<h2><strong>REDES SOCIALES<\/strong><\/h2>\n<p>El usuario deber\u00e1 disponer de su perfil en estas redes sociales para poder interactuar con ASIB, Asociaci\u00f3n Superar el Ictus Barcelona y que acepte la relaci\u00f3n con nuestra red social. Si as\u00ed se realiza, ASIB, Asociaci\u00f3n Superar el Ictus Barcelona tendr\u00e1 acceso al perfil del usuario de acuerdo con los par\u00e1metros estipulados por la propia red social y podr\u00e1 interactuar con \u00e9l con el env\u00edo de mensajes, publicaciones, participaci\u00f3n en concursos y sorteos.  Si el usuario no desea que ASIB, Asociaci\u00f3n Superar el Ictus Barcelona pueda acceder a su perfil o interrelacionarse con \u00e9l deber\u00e1 desvincularse del perfil dejando de seguir o eliminar como amistad, seguidor o usuario.<\/p>\n<p>Las actuaciones que realice ASIB, Asociaci\u00f3n Superar el Ictus Barcelona podr\u00e1n tener car\u00e1cter informativo y\/o publicitario de sus servicios o productos, considerando que la red social es un medio publicitario, bajo la responsabilidad de ASIB, Asociaci\u00f3n Superar el Ictus Barcelona en cuanto a las publicaciones y comunicaciones que realizan por estos medios online.<\/p>\n<p>La participaci\u00f3n de los usuarios en concursos, promociones o sorteos implicar\u00e1 que el usuario acepta las bases legales de este concurso, promoci\u00f3n o sorteo que ser\u00e1n publicadas en la red social de referencia en el momento oportuno, y con su participaci\u00f3n, implicar\u00e1 que el usuario ha aceptado las mismas.<\/p>\n<p>Se recuerda a los usuarios que las publicaciones que realicen en las redes sociales ser\u00e1 bajo su responsabilidad y ser\u00e1 necesario que respeten la legislaci\u00f3n y los derechos de terceros que se puedan afectar, con especial relevancia los derechos de propiedad intelectual, de protecci\u00f3n de datos y de la propia imagen de terceros, as\u00ed como las normas de las propias redes sociales que constan en los siguientes links:<\/p>\n<p>Facebook: https:\/\/www.facebook.com\/legal\/terms<\/p>\n<p>Instagram : https:\/\/help.instagram.com\/<\/p>\n<p>Twitter: https:\/\/twitter.com\/es\/tos<strong>\u00a0<\/strong><\/p>\n<h2><strong>PROTECCI\u00d3N DE DATOS PERSONALES<\/strong><\/h2>\n<p>En virtud de la normativa de protecci\u00f3n de datos de car\u00e1cter personal, por la presente autoriza a que los datos personales facilitados en los medios online sean incorporados y tratados en los ficheros responsabilidad de ASIB, Asociaci\u00f3n Superar el Ictus Barcelona con CIF G66347444, con domicilio en En Grassot, 3, 3\u00ba, 08025 Barcelona. Los datos que nos puede facilitar ser\u00e1n incorporados en el fichero de Contactos, responsabilidad de dicha entidad, con el fin de poder atender su petici\u00f3n o consulta. Estos datos no ser\u00e1n transmitidos y ser\u00e1n conservados hasta que se d\u00e9 la respuesta a su consulta.<\/p>\n<p>En cualquier caso, podr\u00e1 indicar la revocaci\u00f3n del consentimiento otorgado, si \u00e9sta fue la base que legitim\u00f3 el tratamiento o ejercitar los derechos previstos:<\/p>\n<ul>\n<li><u>De acceso:<\/u> El interesado tiene derecho a saber si el responsable del tratamiento trata datos personales suyos y, si es as\u00ed, tiene derecho a acceder a estos datos ya obtener la informaci\u00f3n al respecto de los tratamientos realizados.<\/li>\n<li><u>Rectificaci\u00f3n: <\/u>Est\u00e1 vinculado al car\u00e1cter inexacto o incompleto de los datos. El interesado tiene derecho a rectificar sus datos personales inexactos y que se completen sus datos personales incompletos.<\/li>\n<li><u>Supresi\u00f3n:<\/u> \u00a0El interesado tiene derecho a obtener la supresi\u00f3n de sus datos personales (\u201cderecho al olvido\u201d), cuando \u00e9stos ya no son necesarios para la finalidad para la que se recogieron, se revoca el consentimiento en el que se basaba el tratamiento, el interesado se opone al tratamiento, los datos se han tratado il\u00edcitamente, se han de suprimir para dirigida a menores.<\/li>\n<li><u>Limitaci\u00f3n del tratamiento<\/u>: Es un derecho de la persona interesada consistente en marcar sus datos de car\u00e1cter personal conservados, con el fin de limitar su tratamiento en el futuro. La limitaci\u00f3n del tratamiento supone que, a petici\u00f3n de la persona interesada, sus datos personales se dejen de tratar.<\/li>\n<li><u>Oposici\u00f3n<\/u>: el interesado tiene derecho a oponerse al tratamiento de sus datos cuando se basa en algunos supuestos concretos y se invoca un motivo relacionado con su situaci\u00f3n personal.<\/li>\n<li><u>Portabilidad de los datos<\/u>. El interesado tiene derecho a recibir los datos personales que ha facilitado a un responsable del tratamiento en un formato estructurado, de uso com\u00fan y de lectura mec\u00e1nica, si se basa en el consentimiento o en un contrato o cuando el tratamiento se realiza por medios automatizados.<\/li>\n<li><u>No ser objeto de decisiones individuales automatizadas:\u00a0\u00a0 <\/u><br \/>\nEl interesado tiene derecho a no ser objeto de una decisi\u00f3n basada s\u00f3lo en el tratamiento automatizado de sus datos, incluida la elaboraci\u00f3n de perfiles, que produzca efectos jur\u00eddicos en \u00e9l o le afecte negativamente.<\/li>\n<\/ul>\n<p>Estas peticiones tendr\u00e1n que hacerse en En Grassot, 3, 3r, 08025 Barcelona o en\u00a0<a href=\"mailto:dpd@ictusbcn.cat\">dpd@ictusbcn.cat<\/a><\/p>\n<p>Asimismo tambi\u00e9n podr\u00e1 presentar una reclamaci\u00f3n ante la Agencia Espa\u00f1ola de Protecci\u00f3n de Datos o ponerse en contacto con el Delegado de Protecci\u00f3n de Datos en: <a href=\"mailto:dpd@ictusbcn.cat\">dpd@ictusbcn.cat<\/a><\/p>\n<h2>PROPIEDAD INDUSTRIAL E INTELECTUAL<\/h2>\n<p>Esta web es propiedad de ASIB, Associaci\u00f3 Superar el Ictus Barcelona. salvo que expresamente se especifique otra cosa.<\/p>\n<p>Cualesquiera denominaciones, dise\u00f1os y\/o logotipos, as\u00ed como cualesquiera producto o servicio ofrecidos y reflejados en esta p\u00e1gina web, son marcas debidamente registradas por ASIB, Asociaci\u00f3n Superar el Ictus Barcelona por sus sociedades filiales y\/o dominadas o por terceros.<\/p>\n<p>Cualquier uso indebido de las mismas por personas distintas de su leg\u00edtimo titular y sin el consentimiento expreso e inequ\u00edvoco por parte del mismo podr\u00e1 ser denunciado y perseguido a trav\u00e9s de todos los medios legales existentes en el ordenamiento jur\u00eddico espa\u00f1ol y\/o comunitario.<\/p>\n<p>Los derechos de propiedad intelectual y marcas de terceros est\u00e1n destacados convenientemente y deben ser respetados por todo aquel que acceda a esta p\u00e1gina, no siendo responsabilidad de ASIB, Asociaci\u00f3n Superar el Ictus Barcelona el uso que el usuario pueda llevar a cabo al respecto, recayendo la responsabilidad exclusiva en su persona.<\/p>\n<p>S\u00f3lo para uso personal y privado se permite descargar los contenidos, copiar o imprimir cualquier p\u00e1gina de esta Web y redes sociales. Queda prohibido reproducir, transmitir, modificar o suprimir la informaci\u00f3n, contenido o advertencias de esta web sin la previa autorizaci\u00f3n por escrito de ASIB, Associaci\u00f3 Superar el Ictus Barcelona<\/p>\n<p>ASIB, Asociaci\u00f3n Superar el Ictus Barcelona no transfiere a los usuarios la propiedad de su software. El usuario es el propietario del soporte en el que el software es grabado. ASIB, Asociaci\u00f3n Superar el Ictus Barcelona posee todos los derechos de propiedad industrial e intelectual, incluyendo el software. Si el usuario transfiere software de este website a su terminal, no podr\u00e1 diseccionar por su estudio y descompilarlo, traducir la versi\u00f3n del c\u00f3digo objeto original o su lenguaje a otro c\u00f3digo o lenguaje.<\/p>\n<h2>LEY APLICABLE Y JURISDICCI\u00d3N<\/h2>\n<p>Las presentes condiciones generales se rigen por la Legislaci\u00f3n espa\u00f1ola, siendo competentes los Juzgados y Tribunales espa\u00f1oles para conocer de cuantas cuestiones se susciten sobre la interpretaci\u00f3n, aplicaci\u00f3n y cumplimiento de las mismas. El usuario, en virtud de su aceptaci\u00f3n a las condiciones generales recogidas en este aviso legal y siempre que esta sumisi\u00f3n sea posible, renuncia expresamente a cualquier fuero que, por aplicaci\u00f3n de la Ley de Enjuiciamiento Civil vigente pudiera corresponderle.<\/p>\n<p>&nbsp;<\/p>","protected":false},"excerpt":{"rendered":"<p>D\u2019acord amb les obligacions previstes en la Llei 34\/2002, de Serveis de la Societat de la Informaci\u00f3 i de Comer\u00e7 Electr\u00f2nic (en endavant LSSIICE), \u00a0ASIB, Associaci\u00f3 Superar l\u2019Ictus Barcelona \u00a0amb CIF G-66347444 amb domicili a d\u2019en Grassot, 3, 3r de 08025 Barcelona \u00a0i adre\u00e7a electr\u00f2nica asib@ictusbcn.cat manifesta que s\u00f3n de la seva \u00a0propietat: &#8211; el  [&#8230;]<\/p>\n","protected":false},"author":1,"featured_media":0,"parent":0,"menu_order":0,"comment_status":"closed","ping_status":"closed","template":"","meta":{"footnotes":""},"class_list":["post-1900","page","type-page","status-publish","hentry"],"_links":{"self":[{"href":"https:\/\/ictusbcn.cat\/es\/wp-json\/wp\/v2\/pages\/1900","targetHints":{"allow":["GET"]}}],"collection":[{"href":"https:\/\/ictusbcn.cat\/es\/wp-json\/wp\/v2\/pages"}],"about":[{"href":"https:\/\/ictusbcn.cat\/es\/wp-json\/wp\/v2\/types\/page"}],"author":[{"embeddable":true,"href":"https:\/\/ictusbcn.cat\/es\/wp-json\/wp\/v2\/users\/1"}],"replies":[{"embeddable":true,"href":"https:\/\/ictusbcn.cat\/es\/wp-json\/wp\/v2\/comments?post=1900"}],"version-history":[{"count":2,"href":"https:\/\/ictusbcn.cat\/es\/wp-json\/wp\/v2\/pages\/1900\/revisions"}],"predecessor-version":[{"id":2114,"href":"https:\/\/ictusbcn.cat\/es\/wp-json\/wp\/v2\/pages\/1900\/revisions\/2114"}],"wp:attachment":[{"href":"https:\/\/ictusbcn.cat\/es\/wp-json\/wp\/v2\/media?parent=1900"}],"curies":[{"name":"wp","href":"https:\/\/api.w.org\/{rel}","templated":true}]}}