{"id":1898,"date":"2021-11-17T14:52:44","date_gmt":"2021-11-17T12:52:44","guid":{"rendered":"https:\/\/ictusbcn.cat\/?page_id=1898"},"modified":"2022-01-10T23:47:08","modified_gmt":"2022-01-10T21:47:08","slug":"abuelos-cookies","status":"publish","type":"page","link":"https:\/\/ictusbcn.cat\/es\/avis-cookies\/","title":{"rendered":"AVISO COOKIES"},"content":{"rendered":"<p><strong>AVISO DE COOKIES SIN CAPTAR DATOS<\/p>\n<p>Este sitio web s\u00f3lo utiliza cookies propias y de terceros con finalidad t\u00e9cnica, y no recaba ni cede datos de car\u00e1cter personal de los usuarios sin su conocimiento. \u00a0<\/strong><\/p>\n<p><strong>Sin embargo, contiene enlaces a sitios web de terceros como pol\u00edticas de privacidad ajenas a esta empresa que usted podr\u00e1 decidir si acepta o no cuando acceda a ellos. <\/strong><\/p>\n<h2><strong>Pol\u00edtica de cookies<\/strong><strong>\u00a0<\/strong><\/h2>\n<p><strong>\u00a0<\/strong>A trav\u00e9s de este sitio web, no se recaban datos personales de los usuarios sin su conocimiento, ni se ceden a terceros.<\/p>\n<p>Con el fin de ofrecerle el mejor servicio y con el objeto de facilitar su uso, se analizan el n\u00famero de p\u00e1ginas visitadas, el n\u00famero de visitas, as\u00ed como la actividad de los visitantes y su frecuencia de utilizaci\u00f3n. A estos efectos, ASIB, Asociaci\u00f3n Superar el Ictus Barcelona utiliza la informaci\u00f3n estad\u00edstica elaborada por el proveedor de servicios de internet.<\/p>\n<p>ASIB, Asociaci\u00f3n Superar el Ictus Barcelona no utiliza cookies para recoger informaci\u00f3n de los usuarios ni registra las direcciones IP de acceso. S\u00f3lo se utilizan cookies propias y de terceros de sesi\u00f3n, con finalidad t\u00e9cnica (aquellas que permiten al usuario la navegaci\u00f3n a trav\u00e9s del sitio web y la utilizaci\u00f3n de las distintas opciones y servicios que existen en la web).<\/p>\n<p>El portal del que es titular ASIB, Asociaci\u00f3n Superar el Ictus Barcelona puede contener enlaces a sitios web de terceros, con pol\u00edticas de privacidad ajenas a la empresa. Al acceder a estos sitios web, usted puede decidir si acepta sus pol\u00edticas de privacidad y cookies. A todos los efectos, si navega por internet usted puede aceptar o rechazar las cookies de terceros, desde las opciones de configuraci\u00f3n de su navegador.<\/p>\n<p>&nbsp;<\/p>","protected":false},"excerpt":{"rendered":"<p>AVIS DE COOKIES SENSE CAPTAR DADES Aquest portal web nom\u00e9s utilitza cookies pr\u00f2pies i de tercers amb finalitat t\u00e8cnica, i no recapta ni cedeix dades de car\u00e0cter personal dels usuaris sense el seu coneixement. \u00a0 No obstant, cont\u00e9 enlla\u00e7os a llocs web de tercers com pol\u00edtiques de privacitat alienes a aquesta empresa que vost\u00e8 podr\u00e0  [&#8230;]<\/p>\n","protected":false},"author":1,"featured_media":0,"parent":0,"menu_order":0,"comment_status":"closed","ping_status":"closed","template":"","meta":{"footnotes":""},"class_list":["post-1898","page","type-page","status-publish","hentry"],"_links":{"self":[{"href":"https:\/\/ictusbcn.cat\/es\/wp-json\/wp\/v2\/pages\/1898","targetHints":{"allow":["GET"]}}],"collection":[{"href":"https:\/\/ictusbcn.cat\/es\/wp-json\/wp\/v2\/pages"}],"about":[{"href":"https:\/\/ictusbcn.cat\/es\/wp-json\/wp\/v2\/types\/page"}],"author":[{"embeddable":true,"href":"https:\/\/ictusbcn.cat\/es\/wp-json\/wp\/v2\/users\/1"}],"replies":[{"embeddable":true,"href":"https:\/\/ictusbcn.cat\/es\/wp-json\/wp\/v2\/comments?post=1898"}],"version-history":[{"count":4,"href":"https:\/\/ictusbcn.cat\/es\/wp-json\/wp\/v2\/pages\/1898\/revisions"}],"predecessor-version":[{"id":2113,"href":"https:\/\/ictusbcn.cat\/es\/wp-json\/wp\/v2\/pages\/1898\/revisions\/2113"}],"wp:attachment":[{"href":"https:\/\/ictusbcn.cat\/es\/wp-json\/wp\/v2\/media?parent=1898"}],"curies":[{"name":"wp","href":"https:\/\/api.w.org\/{rel}","templated":true}]}}